{"id":47,"date":"2016-04-08T12:55:10","date_gmt":"2016-04-08T12:55:10","guid":{"rendered":"https:\/\/oceanwp.org\/store\/?post_type=product&#038;p=47"},"modified":"2023-12-11T23:39:10","modified_gmt":"2023-12-11T22:39:10","slug":"savon-blanc","status":"publish","type":"product","link":"https:\/\/www.sleepyfrance.fr\/index.php\/produit\/savon-blanc\/","title":{"rendered":"Sleepy Easy Clean Lingette de nettoyage de surface \u00e0 l&#8217;eau de Javel 100 Pcs"},"content":{"rendered":"<ul class=\"a-unordered-list a-vertical a-spacing-mini\">\n<li class=\"a-spacing-mini\"><span class=\"a-list-item\">Facile \u00e0 nettoyer : nos lingettes de nettoyage humides Sleepy Easy Clean misent sur la puissance des ingr\u00e9dients naturels tels que le vinaigre blanc et le soude pour \u00e9liminer facilement m\u00eame les salet\u00e9s les plus tenaces. Ils ne laissent pas de traces et donnent une finition brillante, que ce soit dans la salle de bain, la cuisine, sur les fen\u00eatres ou les tapis.<\/span><\/li>\n<li class=\"a-spacing-mini\"><span class=\"a-list-item\">Brise-vue : apr\u00e8s chaque nettoyage, profitez du parfum rafra\u00eechissant du parfum de pin bleu qui apporte une touche de fra\u00eecheur et de propret\u00e9 \u00e0 votre maison. Le parfum agr\u00e9able donne non seulement \u00e0 vos surfaces, mais aussi \u00e0 l&#8217;air ambiant une touche vivifiante.<\/span><\/li>\n<li class=\"a-spacing-mini\"><span class=\"a-list-item\">Entretien : nos chiffons de nettoyage humides sont \u00e9quip\u00e9s d&#8217;une formule puissante qui combat m\u00eame les salet\u00e9s les plus tenaces. Que ce soit dans la salle de bain, sur les appareils \u00e9lectriques tels que la TV et le PC ou sur les fen\u00eatres, ces chiffons sont la solution ultime pour un nettoyage en profondeur.<\/span><\/li>\n<li class=\"a-spacing-mini\"><span class=\"a-list-item\">Avec leur structure extra large et \u00e9paisse, nos chiffons de nettoyage offrent un nettoyage parfait avec une seule feuille. Chaque chiffon est g\u00e9n\u00e9reusement dimensionn\u00e9 pour couvrir une plus grande surface, tout en \u00e9tant assez \u00e9pais pour faire face aux salet\u00e9s tenaces. Ainsi, vous pouvez nettoyer une vari\u00e9t\u00e9 de surfaces avec facilit\u00e9.<\/span><\/li>\n<li class=\"a-spacing-mini\"><span class=\"a-list-item\">Caract\u00e9ristiques : nos chiffons de nettoyage humides Sleepy Easy Clean sont non seulement efficaces, mais aussi respectueux de l&#8217;environnement. Ils ne contiennent pas de parab\u00e8nes, de SLS ou de chlore, ce qui les rend non seulement bons pour vos surfaces, mais aussi pour l&#8217;environnement. Avec 100 lingettes dans une bo\u00eete distributrice pratique, elles offrent une solution durable pour vos besoins de nettoyage.<\/span><\/li>\n<\/ul>\n","protected":false},"excerpt":{"rendered":"<p>Aenean lectus elit, fermentum non, convallis id, sagittis at, neque. Nullam mauris orci, aliquet et, iaculis et, viverra vitae, ligula. Nulla ut felis in purus aliquam imperdiet. Maecenas aliquet mollis lectus. Vivamus consectetuer risus et tortor. Lorem ipsum dolor sit amet, consectetur adipiscing elit. Integer nec odio. Praesent libero.<\/p>\n<ul style=\"font-size: 14px; margin: 20px 0 0; list-style: none;\">\n<li style=\"margin-bottom: 8px;\"><i class=\"icon-check\" style=\"color: #aaaaaa; margin-right: 10px;\"><\/i>Made of 95% Polyester and 5% Elastane<\/li>\n<li style=\"margin-bottom: 8px;\"><i class=\"icon-check\" style=\"color: #aaaaaa; margin-right: 10px;\"><\/i>Elastic shoulder straps<\/li>\n<li style=\"margin-bottom: 8px;\"><i class=\"icon-check\" style=\"color: #aaaaaa; margin-right: 10px;\"><\/i>Measured from Small<\/li>\n<li style=\"margin-bottom: 8px;\"><i class=\"icon-check\" style=\"color: #aaaaaa; margin-right: 10px;\"><\/i>V-neckline with lace portion at back<\/li>\n<li style=\"margin-bottom: 8px;\"><i class=\"icon-check\" style=\"color: #aaaaaa; margin-right: 10px;\"><\/i>Hand wash cold<\/li>\n<li style=\"margin-bottom: 8px;\"><i class=\"icon-check\" style=\"color: #aaaaaa; margin-right: 10px;\"><\/i>Form-fitting design with stretch<\/li>\n<li style=\"margin-bottom: 8px;\"><i class=\"icon-check\" style=\"color: #aaaaaa; margin-right: 10px;\"><\/i>Delivery 5-10 working days<\/li>\n<\/ul>\n","protected":false},"featured_media":1270,"comment_status":"open","ping_status":"closed","template":"","meta":[],"product_cat":[15],"product_tag":[36,48],"class_list":{"0":"post-47","1":"product","2":"type-product","3":"status-publish","4":"has-post-thumbnail","5":"hentry","6":"product_cat-non-classe","7":"product_tag-men","8":"product_tag-suit","10":"entry","11":"has-media","12":"owp-thumbs-layout-horizontal","13":"owp-btn-normal","14":"owp-tabs-layout-horizontal","15":"has-product-nav"},"yoast_head":"<!-- This site is optimized with the Yoast SEO plugin v21.6 - https:\/\/yoast.com\/wordpress\/plugins\/seo\/ -->\n<title>Sleepy Easy Clean Lingette de nettoyage de surface \u00e0 l&#039;eau de Javel 100 Pcs - Sleepyfrance.fr<\/title>\n<meta name=\"robots\" content=\"index, follow, max-snippet:-1, max-image-preview:large, max-video-preview:-1\" \/>\n<link rel=\"canonical\" href=\"https:\/\/www.sleepyfrance.fr\/index.php\/produit\/savon-blanc\/\" \/>\n<meta property=\"og:locale\" content=\"en_US\" \/>\n<meta property=\"og:type\" content=\"article\" \/>\n<meta property=\"og:title\" content=\"Sleepy Easy Clean Lingette de nettoyage de surface \u00e0 l&#039;eau de Javel 100 Pcs - Sleepyfrance.fr\" \/>\n<meta property=\"og:description\" content=\"Aenean lectus elit, fermentum non, convallis id, sagittis at, neque. Nullam mauris orci, aliquet et, iaculis et, viverra vitae, ligula. Nulla ut felis in purus aliquam imperdiet. Maecenas aliquet mollis lectus. Vivamus consectetuer risus et tortor. Lorem ipsum dolor sit amet, consectetur adipiscing elit. Integer nec odio. Praesent libero.   Made of 95% Polyester and 5% Elastane  Elastic shoulder straps  Measured from Small  V-neckline with lace portion at back  Hand wash cold  Form-fitting design with stretch  Delivery 5-10 working days\" \/>\n<meta property=\"og:url\" content=\"https:\/\/www.sleepyfrance.fr\/index.php\/produit\/savon-blanc\/\" \/>\n<meta property=\"og:site_name\" content=\"Sleepyfrance.fr\" \/>\n<meta property=\"article:modified_time\" content=\"2023-12-11T22:39:10+00:00\" \/>\n<meta property=\"og:image\" content=\"https:\/\/www.sleepyfrance.fr\/wp-content\/uploads\/2016\/04\/easy-bleu.jpg\" \/>\n\t<meta property=\"og:image:width\" content=\"572\" \/>\n\t<meta property=\"og:image:height\" content=\"764\" \/>\n\t<meta property=\"og:image:type\" content=\"image\/jpeg\" \/>\n<meta name=\"twitter:card\" content=\"summary_large_image\" \/>\n<meta name=\"twitter:label1\" content=\"Est. reading time\" \/>\n\t<meta name=\"twitter:data1\" content=\"2 minutes\" \/>\n<script type=\"application\/ld+json\" class=\"yoast-schema-graph\">{\"@context\":\"https:\/\/schema.org\",\"@graph\":[{\"@type\":\"WebPage\",\"@id\":\"https:\/\/www.sleepyfrance.fr\/index.php\/produit\/savon-blanc\/\",\"url\":\"https:\/\/www.sleepyfrance.fr\/index.php\/produit\/savon-blanc\/\",\"name\":\"Sleepy Easy Clean Lingette de nettoyage de surface \u00e0 l'eau de Javel 100 Pcs - Sleepyfrance.fr\",\"isPartOf\":{\"@id\":\"https:\/\/www.sleepyfrance.fr\/#website\"},\"datePublished\":\"2016-04-08T12:55:10+00:00\",\"dateModified\":\"2023-12-11T22:39:10+00:00\",\"breadcrumb\":{\"@id\":\"https:\/\/www.sleepyfrance.fr\/index.php\/produit\/savon-blanc\/#breadcrumb\"},\"inLanguage\":\"en-US\",\"potentialAction\":[{\"@type\":\"ReadAction\",\"target\":[\"https:\/\/www.sleepyfrance.fr\/index.php\/produit\/savon-blanc\/\"]}]},{\"@type\":\"BreadcrumbList\",\"@id\":\"https:\/\/www.sleepyfrance.fr\/index.php\/produit\/savon-blanc\/#breadcrumb\",\"itemListElement\":[{\"@type\":\"ListItem\",\"position\":1,\"name\":\"Accueil\",\"item\":\"https:\/\/www.sleepyfrance.fr\/\"},{\"@type\":\"ListItem\",\"position\":2,\"name\":\"Shop\",\"item\":\"https:\/\/www.sleepyfrance.fr\/index.php\/shop\/\"},{\"@type\":\"ListItem\",\"position\":3,\"name\":\"Sleepy Easy Clean Lingette de nettoyage de surface \u00e0 l&#8217;eau de Javel 100 Pcs\"}]},{\"@type\":\"WebSite\",\"@id\":\"https:\/\/www.sleepyfrance.fr\/#website\",\"url\":\"https:\/\/www.sleepyfrance.fr\/\",\"name\":\"Sleepyfrance.fr\",\"description\":\"Marketsleepy\",\"publisher\":{\"@id\":\"https:\/\/www.sleepyfrance.fr\/#organization\"},\"potentialAction\":[{\"@type\":\"SearchAction\",\"target\":{\"@type\":\"EntryPoint\",\"urlTemplate\":\"https:\/\/www.sleepyfrance.fr\/?s={search_term_string}\"},\"query-input\":\"required name=search_term_string\"}],\"inLanguage\":\"en-US\"},{\"@type\":\"Organization\",\"@id\":\"https:\/\/www.sleepyfrance.fr\/#organization\",\"name\":\"Sleepyfrance.fr\",\"url\":\"https:\/\/www.sleepyfrance.fr\/\",\"logo\":{\"@type\":\"ImageObject\",\"inLanguage\":\"en-US\",\"@id\":\"https:\/\/www.sleepyfrance.fr\/#\/schema\/logo\/image\/\",\"url\":\"https:\/\/www.sleepyfrance.fr\/wp-content\/uploads\/2023\/12\/1-LOGO-SLEEPY-SANS-FOND.png\",\"contentUrl\":\"https:\/\/www.sleepyfrance.fr\/wp-content\/uploads\/2023\/12\/1-LOGO-SLEEPY-SANS-FOND.png\",\"width\":503,\"height\":496,\"caption\":\"Sleepyfrance.fr\"},\"image\":{\"@id\":\"https:\/\/www.sleepyfrance.fr\/#\/schema\/logo\/image\/\"}}]}<\/script>\n<!-- \/ Yoast SEO plugin. -->","yoast_head_json":{"title":"Sleepy Easy Clean Lingette de nettoyage de surface \u00e0 l'eau de Javel 100 Pcs - Sleepyfrance.fr","robots":{"index":"index","follow":"follow","max-snippet":"max-snippet:-1","max-image-preview":"max-image-preview:large","max-video-preview":"max-video-preview:-1"},"canonical":"https:\/\/www.sleepyfrance.fr\/index.php\/produit\/savon-blanc\/","og_locale":"en_US","og_type":"article","og_title":"Sleepy Easy Clean Lingette de nettoyage de surface \u00e0 l'eau de Javel 100 Pcs - Sleepyfrance.fr","og_description":"Aenean lectus elit, fermentum non, convallis id, sagittis at, neque. Nullam mauris orci, aliquet et, iaculis et, viverra vitae, ligula. Nulla ut felis in purus aliquam imperdiet. Maecenas aliquet mollis lectus. Vivamus consectetuer risus et tortor. Lorem ipsum dolor sit amet, consectetur adipiscing elit. Integer nec odio. Praesent libero.   Made of 95% Polyester and 5% Elastane  Elastic shoulder straps  Measured from Small  V-neckline with lace portion at back  Hand wash cold  Form-fitting design with stretch  Delivery 5-10 working days","og_url":"https:\/\/www.sleepyfrance.fr\/index.php\/produit\/savon-blanc\/","og_site_name":"Sleepyfrance.fr","article_modified_time":"2023-12-11T22:39:10+00:00","og_image":[{"width":572,"height":764,"url":"https:\/\/www.sleepyfrance.fr\/wp-content\/uploads\/2016\/04\/easy-bleu.jpg","type":"image\/jpeg"}],"twitter_card":"summary_large_image","twitter_misc":{"Est. reading time":"2 minutes"},"schema":{"@context":"https:\/\/schema.org","@graph":[{"@type":"WebPage","@id":"https:\/\/www.sleepyfrance.fr\/index.php\/produit\/savon-blanc\/","url":"https:\/\/www.sleepyfrance.fr\/index.php\/produit\/savon-blanc\/","name":"Sleepy Easy Clean Lingette de nettoyage de surface \u00e0 l'eau de Javel 100 Pcs - Sleepyfrance.fr","isPartOf":{"@id":"https:\/\/www.sleepyfrance.fr\/#website"},"datePublished":"2016-04-08T12:55:10+00:00","dateModified":"2023-12-11T22:39:10+00:00","breadcrumb":{"@id":"https:\/\/www.sleepyfrance.fr\/index.php\/produit\/savon-blanc\/#breadcrumb"},"inLanguage":"en-US","potentialAction":[{"@type":"ReadAction","target":["https:\/\/www.sleepyfrance.fr\/index.php\/produit\/savon-blanc\/"]}]},{"@type":"BreadcrumbList","@id":"https:\/\/www.sleepyfrance.fr\/index.php\/produit\/savon-blanc\/#breadcrumb","itemListElement":[{"@type":"ListItem","position":1,"name":"Accueil","item":"https:\/\/www.sleepyfrance.fr\/"},{"@type":"ListItem","position":2,"name":"Shop","item":"https:\/\/www.sleepyfrance.fr\/index.php\/shop\/"},{"@type":"ListItem","position":3,"name":"Sleepy Easy Clean Lingette de nettoyage de surface \u00e0 l&#8217;eau de Javel 100 Pcs"}]},{"@type":"WebSite","@id":"https:\/\/www.sleepyfrance.fr\/#website","url":"https:\/\/www.sleepyfrance.fr\/","name":"Sleepyfrance.fr","description":"Marketsleepy","publisher":{"@id":"https:\/\/www.sleepyfrance.fr\/#organization"},"potentialAction":[{"@type":"SearchAction","target":{"@type":"EntryPoint","urlTemplate":"https:\/\/www.sleepyfrance.fr\/?s={search_term_string}"},"query-input":"required name=search_term_string"}],"inLanguage":"en-US"},{"@type":"Organization","@id":"https:\/\/www.sleepyfrance.fr\/#organization","name":"Sleepyfrance.fr","url":"https:\/\/www.sleepyfrance.fr\/","logo":{"@type":"ImageObject","inLanguage":"en-US","@id":"https:\/\/www.sleepyfrance.fr\/#\/schema\/logo\/image\/","url":"https:\/\/www.sleepyfrance.fr\/wp-content\/uploads\/2023\/12\/1-LOGO-SLEEPY-SANS-FOND.png","contentUrl":"https:\/\/www.sleepyfrance.fr\/wp-content\/uploads\/2023\/12\/1-LOGO-SLEEPY-SANS-FOND.png","width":503,"height":496,"caption":"Sleepyfrance.fr"},"image":{"@id":"https:\/\/www.sleepyfrance.fr\/#\/schema\/logo\/image\/"}}]}},"jetpack_sharing_enabled":true,"_links":{"self":[{"href":"https:\/\/www.sleepyfrance.fr\/index.php\/wp-json\/wp\/v2\/product\/47","targetHints":{"allow":["GET"]}}],"collection":[{"href":"https:\/\/www.sleepyfrance.fr\/index.php\/wp-json\/wp\/v2\/product"}],"about":[{"href":"https:\/\/www.sleepyfrance.fr\/index.php\/wp-json\/wp\/v2\/types\/product"}],"replies":[{"embeddable":true,"href":"https:\/\/www.sleepyfrance.fr\/index.php\/wp-json\/wp\/v2\/comments?post=47"}],"wp:featuredmedia":[{"embeddable":true,"href":"https:\/\/www.sleepyfrance.fr\/index.php\/wp-json\/wp\/v2\/media\/1270"}],"wp:attachment":[{"href":"https:\/\/www.sleepyfrance.fr\/index.php\/wp-json\/wp\/v2\/media?parent=47"}],"wp:term":[{"taxonomy":"product_cat","embeddable":true,"href":"https:\/\/www.sleepyfrance.fr\/index.php\/wp-json\/wp\/v2\/product_cat?post=47"},{"taxonomy":"product_tag","embeddable":true,"href":"https:\/\/www.sleepyfrance.fr\/index.php\/wp-json\/wp\/v2\/product_tag?post=47"}],"curies":[{"name":"wp","href":"https:\/\/api.w.org\/{rel}","templated":true}]}}