{"id":2073,"date":"2023-12-26T16:11:53","date_gmt":"2023-12-26T15:11:53","guid":{"rendered":"https:\/\/sleepyfrance.fr\/?post_type=product&#038;p=2073"},"modified":"2023-12-26T16:12:30","modified_gmt":"2023-12-26T15:12:30","slug":"sleepy-bio-natural-premium-plus-serviette-hygienique-longue-lot-de-2-paquets-de-20-serviettes","status":"publish","type":"product","link":"https:\/\/www.sleepyfrance.fr\/index.php\/produit\/sleepy-bio-natural-premium-plus-serviette-hygienique-longue-lot-de-2-paquets-de-20-serviettes\/","title":{"rendered":"Sleepy Bio Natural Premium Plus Serviette Hygi\u00e9nique Longue lot de 2 Paquets de 20 Serviettes"},"content":{"rendered":"<p><strong>D\u00e9couvrez la R\u00e9volution de l&#8217;Hygi\u00e8ne F\u00e9minine avec Sleepy Bio Natural ! \ud83c\udf3f<\/strong><\/p>\n<p>Les Serviettes Hygi\u00e9niques Sleepy Bio Natural, enrichies d&#8217;eau pure, combinent la puissance du bambou, du coton, de la canne \u00e0 sucre et des min\u00e9raux naturels. \ud83c\udf31\ud83d\udca7<\/p>\n<p>\u2728 <strong>Caract\u00e9ristiques Exceptionnelles :<\/strong><\/p>\n<ul>\n<li><strong>Fra\u00eecheur Naturelle :<\/strong> Infus\u00e9es d&#8217;eau pure pour une sensation de propret\u00e9 in\u00e9gal\u00e9e.<\/li>\n<li><strong>Confort Absolu :<\/strong> L&#8217;association de bambou et de coton offre une douceur incomparable.<\/li>\n<li><strong>Protection Optimale :<\/strong> La technologie \u00e0 base de canne \u00e0 sucre assure une absorption efficace.<\/li>\n<li><strong>Respectueuses de l&#8217;Environnement :<\/strong> Compos\u00e9es de mat\u00e9riaux durables et naturels.<\/li>\n<li><strong>Min\u00e9raux Naturels :<\/strong> Procurent une sensation de bien-\u00eatre tout au long de la journ\u00e9e.<\/li>\n<\/ul>\n<p>Vivez une exp\u00e9rience d&#8217;hygi\u00e8ne f\u00e9minine exceptionnelle avec Sleepy Bio Natural ! \ud83c\udf38\u2728<\/p>\n<p><em>Disponible en divers formats, commandez d\u00e8s maintenant sur Amazon et Google pour une hygi\u00e8ne f\u00e9minine raffin\u00e9e et naturelle !<\/em> \ud83d\ude80\ud83c\udf10<\/p>\n<p>&nbsp;<\/p>\n<p>&nbsp;<\/p>\n<p>&nbsp;<\/p>\n<div style=\"width: 1200px;\" class=\"wp-video\"><video class=\"wp-video-shortcode\" id=\"video-2073-1\" width=\"1200\" height=\"675\" preload=\"metadata\" controls=\"controls\"><source type=\"video\/mp4\" src=\"http:\/\/sleepyfrance.fr\/wp-content\/uploads\/2023\/12\/Sleepy-Natural.mp4?_=1\" \/><a href=\"http:\/\/sleepyfrance.fr\/wp-content\/uploads\/2023\/12\/Sleepy-Natural.mp4\">http:\/\/sleepyfrance.fr\/wp-content\/uploads\/2023\/12\/Sleepy-Natural.mp4<\/a><\/video><\/div>\n","protected":false},"excerpt":{"rendered":"<div style=\"width: 848px;\" class=\"wp-video\"><video class=\"wp-video-shortcode\" id=\"video-2073-2\" width=\"848\" height=\"480\" preload=\"metadata\" controls=\"controls\"><source type=\"video\/mp4\" src=\"http:\/\/sleepyfrance.fr\/wp-content\/uploads\/2023\/12\/WhatsApp-Video-2023-12-25-at-00.15.18.mp4?_=2\" \/><a href=\"http:\/\/sleepyfrance.fr\/wp-content\/uploads\/2023\/12\/WhatsApp-Video-2023-12-25-at-00.15.18.mp4\">http:\/\/sleepyfrance.fr\/wp-content\/uploads\/2023\/12\/WhatsApp-Video-2023-12-25-at-00.15.18.mp4<\/a><\/video><\/div>\n","protected":false},"featured_media":2074,"comment_status":"open","ping_status":"closed","template":"","meta":[],"product_cat":[76],"product_tag":[],"class_list":{"0":"post-2073","1":"product","2":"type-product","3":"status-publish","4":"has-post-thumbnail","5":"hentry","6":"product_cat-serviette","8":"entry","9":"has-media","10":"owp-thumbs-layout-horizontal","11":"owp-btn-normal","12":"owp-tabs-layout-horizontal","13":"has-product-nav"},"yoast_head":"<!-- This site is optimized with the Yoast SEO plugin v21.6 - https:\/\/yoast.com\/wordpress\/plugins\/seo\/ -->\n<title>Sleepy Bio Natural Premium Plus Serviette Hygi\u00e9nique Longue lot de 2 Paquets de 20 Serviettes - Sleepyfrance.fr<\/title>\n<meta name=\"robots\" content=\"index, follow, max-snippet:-1, max-image-preview:large, max-video-preview:-1\" \/>\n<link rel=\"canonical\" href=\"https:\/\/www.sleepyfrance.fr\/index.php\/produit\/sleepy-bio-natural-premium-plus-serviette-hygienique-longue-lot-de-2-paquets-de-20-serviettes\/\" \/>\n<meta property=\"og:locale\" content=\"en_US\" \/>\n<meta property=\"og:type\" content=\"article\" \/>\n<meta property=\"og:title\" content=\"Sleepy Bio Natural Premium Plus Serviette Hygi\u00e9nique Longue lot de 2 Paquets de 20 Serviettes - Sleepyfrance.fr\" \/>\n<meta property=\"og:url\" content=\"https:\/\/www.sleepyfrance.fr\/index.php\/produit\/sleepy-bio-natural-premium-plus-serviette-hygienique-longue-lot-de-2-paquets-de-20-serviettes\/\" \/>\n<meta property=\"og:site_name\" content=\"Sleepyfrance.fr\" \/>\n<meta property=\"article:modified_time\" content=\"2023-12-26T15:12:30+00:00\" \/>\n<meta property=\"og:image\" content=\"https:\/\/www.sleepyfrance.fr\/wp-content\/uploads\/2023\/12\/serviette-T2-40-1.jpg\" \/>\n\t<meta property=\"og:image:width\" content=\"572\" \/>\n\t<meta property=\"og:image:height\" content=\"764\" \/>\n\t<meta property=\"og:image:type\" content=\"image\/jpeg\" \/>\n<meta name=\"twitter:card\" content=\"summary_large_image\" \/>\n<meta name=\"twitter:description\" content=\"[video width=&quot;848&quot; height=&quot;480&quot; mp4=&quot;http:\/\/sleepyfrance.fr\/wp-content\/uploads\/2023\/12\/WhatsApp-Video-2023-12-25-at-00.15.18.mp4&quot;][\/video]\" \/>\n<meta name=\"twitter:label1\" content=\"Est. reading time\" \/>\n\t<meta name=\"twitter:data1\" content=\"1 minute\" \/>\n<script type=\"application\/ld+json\" class=\"yoast-schema-graph\">{\"@context\":\"https:\/\/schema.org\",\"@graph\":[{\"@type\":\"WebPage\",\"@id\":\"https:\/\/www.sleepyfrance.fr\/index.php\/produit\/sleepy-bio-natural-premium-plus-serviette-hygienique-longue-lot-de-2-paquets-de-20-serviettes\/\",\"url\":\"https:\/\/www.sleepyfrance.fr\/index.php\/produit\/sleepy-bio-natural-premium-plus-serviette-hygienique-longue-lot-de-2-paquets-de-20-serviettes\/\",\"name\":\"Sleepy Bio Natural Premium Plus Serviette Hygi\u00e9nique Longue lot de 2 Paquets de 20 Serviettes - Sleepyfrance.fr\",\"isPartOf\":{\"@id\":\"https:\/\/www.sleepyfrance.fr\/#website\"},\"datePublished\":\"2023-12-26T15:11:53+00:00\",\"dateModified\":\"2023-12-26T15:12:30+00:00\",\"breadcrumb\":{\"@id\":\"https:\/\/www.sleepyfrance.fr\/index.php\/produit\/sleepy-bio-natural-premium-plus-serviette-hygienique-longue-lot-de-2-paquets-de-20-serviettes\/#breadcrumb\"},\"inLanguage\":\"en-US\",\"potentialAction\":[{\"@type\":\"ReadAction\",\"target\":[\"https:\/\/www.sleepyfrance.fr\/index.php\/produit\/sleepy-bio-natural-premium-plus-serviette-hygienique-longue-lot-de-2-paquets-de-20-serviettes\/\"]}]},{\"@type\":\"BreadcrumbList\",\"@id\":\"https:\/\/www.sleepyfrance.fr\/index.php\/produit\/sleepy-bio-natural-premium-plus-serviette-hygienique-longue-lot-de-2-paquets-de-20-serviettes\/#breadcrumb\",\"itemListElement\":[{\"@type\":\"ListItem\",\"position\":1,\"name\":\"Accueil\",\"item\":\"https:\/\/www.sleepyfrance.fr\/\"},{\"@type\":\"ListItem\",\"position\":2,\"name\":\"Shop\",\"item\":\"https:\/\/www.sleepyfrance.fr\/index.php\/shop\/\"},{\"@type\":\"ListItem\",\"position\":3,\"name\":\"Sleepy Bio Natural Premium Plus Serviette Hygi\u00e9nique Longue lot de 2 Paquets de 20 Serviettes\"}]},{\"@type\":\"WebSite\",\"@id\":\"https:\/\/www.sleepyfrance.fr\/#website\",\"url\":\"https:\/\/www.sleepyfrance.fr\/\",\"name\":\"Sleepyfrance.fr\",\"description\":\"Marketsleepy\",\"publisher\":{\"@id\":\"https:\/\/www.sleepyfrance.fr\/#organization\"},\"potentialAction\":[{\"@type\":\"SearchAction\",\"target\":{\"@type\":\"EntryPoint\",\"urlTemplate\":\"https:\/\/www.sleepyfrance.fr\/?s={search_term_string}\"},\"query-input\":\"required name=search_term_string\"}],\"inLanguage\":\"en-US\"},{\"@type\":\"Organization\",\"@id\":\"https:\/\/www.sleepyfrance.fr\/#organization\",\"name\":\"Sleepyfrance.fr\",\"url\":\"https:\/\/www.sleepyfrance.fr\/\",\"logo\":{\"@type\":\"ImageObject\",\"inLanguage\":\"en-US\",\"@id\":\"https:\/\/www.sleepyfrance.fr\/#\/schema\/logo\/image\/\",\"url\":\"https:\/\/www.sleepyfrance.fr\/wp-content\/uploads\/2023\/12\/1-LOGO-SLEEPY-SANS-FOND.png\",\"contentUrl\":\"https:\/\/www.sleepyfrance.fr\/wp-content\/uploads\/2023\/12\/1-LOGO-SLEEPY-SANS-FOND.png\",\"width\":503,\"height\":496,\"caption\":\"Sleepyfrance.fr\"},\"image\":{\"@id\":\"https:\/\/www.sleepyfrance.fr\/#\/schema\/logo\/image\/\"}}]}<\/script>\n<!-- \/ Yoast SEO plugin. -->","yoast_head_json":{"title":"Sleepy Bio Natural Premium Plus Serviette Hygi\u00e9nique Longue lot de 2 Paquets de 20 Serviettes - Sleepyfrance.fr","robots":{"index":"index","follow":"follow","max-snippet":"max-snippet:-1","max-image-preview":"max-image-preview:large","max-video-preview":"max-video-preview:-1"},"canonical":"https:\/\/www.sleepyfrance.fr\/index.php\/produit\/sleepy-bio-natural-premium-plus-serviette-hygienique-longue-lot-de-2-paquets-de-20-serviettes\/","og_locale":"en_US","og_type":"article","og_title":"Sleepy Bio Natural Premium Plus Serviette Hygi\u00e9nique Longue lot de 2 Paquets de 20 Serviettes - Sleepyfrance.fr","og_url":"https:\/\/www.sleepyfrance.fr\/index.php\/produit\/sleepy-bio-natural-premium-plus-serviette-hygienique-longue-lot-de-2-paquets-de-20-serviettes\/","og_site_name":"Sleepyfrance.fr","article_modified_time":"2023-12-26T15:12:30+00:00","og_image":[{"width":572,"height":764,"url":"https:\/\/www.sleepyfrance.fr\/wp-content\/uploads\/2023\/12\/serviette-T2-40-1.jpg","type":"image\/jpeg"}],"twitter_card":"summary_large_image","twitter_description":"[video width=\"848\" height=\"480\" mp4=\"http:\/\/sleepyfrance.fr\/wp-content\/uploads\/2023\/12\/WhatsApp-Video-2023-12-25-at-00.15.18.mp4\"][\/video]","twitter_misc":{"Est. reading time":"1 minute"},"schema":{"@context":"https:\/\/schema.org","@graph":[{"@type":"WebPage","@id":"https:\/\/www.sleepyfrance.fr\/index.php\/produit\/sleepy-bio-natural-premium-plus-serviette-hygienique-longue-lot-de-2-paquets-de-20-serviettes\/","url":"https:\/\/www.sleepyfrance.fr\/index.php\/produit\/sleepy-bio-natural-premium-plus-serviette-hygienique-longue-lot-de-2-paquets-de-20-serviettes\/","name":"Sleepy Bio Natural Premium Plus Serviette Hygi\u00e9nique Longue lot de 2 Paquets de 20 Serviettes - Sleepyfrance.fr","isPartOf":{"@id":"https:\/\/www.sleepyfrance.fr\/#website"},"datePublished":"2023-12-26T15:11:53+00:00","dateModified":"2023-12-26T15:12:30+00:00","breadcrumb":{"@id":"https:\/\/www.sleepyfrance.fr\/index.php\/produit\/sleepy-bio-natural-premium-plus-serviette-hygienique-longue-lot-de-2-paquets-de-20-serviettes\/#breadcrumb"},"inLanguage":"en-US","potentialAction":[{"@type":"ReadAction","target":["https:\/\/www.sleepyfrance.fr\/index.php\/produit\/sleepy-bio-natural-premium-plus-serviette-hygienique-longue-lot-de-2-paquets-de-20-serviettes\/"]}]},{"@type":"BreadcrumbList","@id":"https:\/\/www.sleepyfrance.fr\/index.php\/produit\/sleepy-bio-natural-premium-plus-serviette-hygienique-longue-lot-de-2-paquets-de-20-serviettes\/#breadcrumb","itemListElement":[{"@type":"ListItem","position":1,"name":"Accueil","item":"https:\/\/www.sleepyfrance.fr\/"},{"@type":"ListItem","position":2,"name":"Shop","item":"https:\/\/www.sleepyfrance.fr\/index.php\/shop\/"},{"@type":"ListItem","position":3,"name":"Sleepy Bio Natural Premium Plus Serviette Hygi\u00e9nique Longue lot de 2 Paquets de 20 Serviettes"}]},{"@type":"WebSite","@id":"https:\/\/www.sleepyfrance.fr\/#website","url":"https:\/\/www.sleepyfrance.fr\/","name":"Sleepyfrance.fr","description":"Marketsleepy","publisher":{"@id":"https:\/\/www.sleepyfrance.fr\/#organization"},"potentialAction":[{"@type":"SearchAction","target":{"@type":"EntryPoint","urlTemplate":"https:\/\/www.sleepyfrance.fr\/?s={search_term_string}"},"query-input":"required name=search_term_string"}],"inLanguage":"en-US"},{"@type":"Organization","@id":"https:\/\/www.sleepyfrance.fr\/#organization","name":"Sleepyfrance.fr","url":"https:\/\/www.sleepyfrance.fr\/","logo":{"@type":"ImageObject","inLanguage":"en-US","@id":"https:\/\/www.sleepyfrance.fr\/#\/schema\/logo\/image\/","url":"https:\/\/www.sleepyfrance.fr\/wp-content\/uploads\/2023\/12\/1-LOGO-SLEEPY-SANS-FOND.png","contentUrl":"https:\/\/www.sleepyfrance.fr\/wp-content\/uploads\/2023\/12\/1-LOGO-SLEEPY-SANS-FOND.png","width":503,"height":496,"caption":"Sleepyfrance.fr"},"image":{"@id":"https:\/\/www.sleepyfrance.fr\/#\/schema\/logo\/image\/"}}]}},"jetpack_sharing_enabled":true,"_links":{"self":[{"href":"https:\/\/www.sleepyfrance.fr\/index.php\/wp-json\/wp\/v2\/product\/2073","targetHints":{"allow":["GET"]}}],"collection":[{"href":"https:\/\/www.sleepyfrance.fr\/index.php\/wp-json\/wp\/v2\/product"}],"about":[{"href":"https:\/\/www.sleepyfrance.fr\/index.php\/wp-json\/wp\/v2\/types\/product"}],"replies":[{"embeddable":true,"href":"https:\/\/www.sleepyfrance.fr\/index.php\/wp-json\/wp\/v2\/comments?post=2073"}],"wp:featuredmedia":[{"embeddable":true,"href":"https:\/\/www.sleepyfrance.fr\/index.php\/wp-json\/wp\/v2\/media\/2074"}],"wp:attachment":[{"href":"https:\/\/www.sleepyfrance.fr\/index.php\/wp-json\/wp\/v2\/media?parent=2073"}],"wp:term":[{"taxonomy":"product_cat","embeddable":true,"href":"https:\/\/www.sleepyfrance.fr\/index.php\/wp-json\/wp\/v2\/product_cat?post=2073"},{"taxonomy":"product_tag","embeddable":true,"href":"https:\/\/www.sleepyfrance.fr\/index.php\/wp-json\/wp\/v2\/product_tag?post=2073"}],"curies":[{"name":"wp","href":"https:\/\/api.w.org\/{rel}","templated":true}]}}