{"id":1687,"date":"2023-12-20T21:47:27","date_gmt":"2023-12-20T20:47:27","guid":{"rendered":"https:\/\/sleepyfrance.fr\/?post_type=product&#038;p=1687"},"modified":"2023-12-21T22:24:50","modified_gmt":"2023-12-21T21:24:50","slug":"sleepy-bio-natural-package-economique-taille-5-junior-80-pieces","status":"publish","type":"product","link":"https:\/\/www.sleepyfrance.fr\/index.php\/produit\/sleepy-bio-natural-package-economique-taille-5-junior-80-pieces\/","title":{"rendered":"Sleepy Bio Natural Package Economique Taille 5 Junior 80 Pi\u00e8ces"},"content":{"rendered":"<h1>Bienvenue dans l&#8217;univers des couches hypoallerg\u00e9niques ultra-absorbantes Sleepy Bio Natural<\/h1>\n<p>Offrant une protection maximale de 15 heures pour votre b\u00e9b\u00e9, et recommand\u00e9es par les experts en petite enfance ! Nos couches sont sp\u00e9cialement con\u00e7ues pour prendre soin d\u00e9licatement de la peau fine et fragile de votre nouveau-n\u00e9, et elles conviennent \u00e0 tous les types de peau. Test\u00e9es sous contr\u00f4le dermatologique, nos couches sont hypoallerg\u00e9niques, \u00e9labor\u00e9es sans aucun ingr\u00e9dient ind\u00e9sirable tels que lotion ou colorant, et arborent fi\u00e8rement le label Oeko Tex.<\/p>\n<h2>Pour un confort optimal<\/h2>\n<p>Les couches de taille naissance (Taille 1 et Taille 2) pr\u00e9sentent une d\u00e9coupe arrondie au niveau du cordon ombilical, r\u00e9duisant les frottements et facilitant les soins pour les parents ! Les motifs tout doux des couches Sleepy Bio Natural, d\u00e9cor\u00e9s avec une encre \u00e0 base de v\u00e9g\u00e9taux et sans solvant, rappellent fi\u00e8rement leur composition naturelle.<\/p>\n<h2>Une couche Sleepy Bio Natural, c&#8217;est toujours :<\/h2>\n<ul>\n<li>Un blanchiment sans chlore ni d\u00e9riv\u00e9 chlor\u00e9 (certification TCF : Total Chlorine Free), sans p\u00e9trolatum ni paraffine.<\/li>\n<li>Efficacit\u00e9 assur\u00e9e avec une couche ADL compos\u00e9e de bambou et de coton pour une absorption optimale jusqu&#8217;\u00e0 15 heures.<\/li>\n<li>Confort absolu gr\u00e2ce \u00e0 un coussin ultra-moelleux et fin compos\u00e9 de cellulose certifi\u00e9e FSC\u00ae et TCF.<\/li>\n<li>Certification Oeko Tex, FSC\u00ae, TCF, Cruelty free et v\u00e9gan.<\/li>\n<li>Emballage recycl\u00e9 et recyclable !<\/li>\n<\/ul>\n<h2>Composition<\/h2>\n<p>Ingr\u00e9dients : La couche de surface non tiss\u00e9e, en polypropyl\u00e8ne, recouverte de prot\u00e9ine de lait d&#8217;amande ; Barri\u00e8res f\u00e9cales : Green PE* et polypropyl\u00e8ne ; Voile d\u2019acquisition : ADL (Couche d\u2019acquisition et de distribution) compos\u00e9e de polyester (PET) et de fibres naturelles issues de sources renouvelables, telles que le bambou naturel et le coton organique ; Corps absorbant : 100% cellulose* certifi\u00e9e FSC\u00ae et TCF (blanchie sans chlore et d\u00e9riv\u00e9s chlor\u00e9s), avec microbilles absorbantes en polyacrylate de sodium ; Elastiques \u00e0 l\u2019entrejambe : Elasthanne ; Voile ext\u00e9rieur compos\u00e9 d\u2019un film HDPE Green \u00e0 base de biopolym\u00e8re de canne \u00e0 sucre ; Syst\u00e8me de fixation (attaches et oreilles \u00e9lastiques) : polypropyl\u00e8ne, velcro et film \u00e9lastique copolym\u00e8re ; Encre v\u00e9g\u00e9tale sans solvant ; Colle. Sans parfum ni lotion. Emballage plastique 100% recycl\u00e9 et enti\u00e8rement recyclable avec encre v\u00e9g\u00e9tale. Packaging con\u00e7u en France et fabriqu\u00e9 en Turquie. *Ingr\u00e9dients d\u2019origine naturelle.<\/p>\n<h2>Conseils d&#8217;utilisation<\/h2>\n<p>Les couches Sleepy Bio Natural sont simples \u00e0 utiliser avec des attaches positionnables n&#8217;importe o\u00f9 sur la couche, offrant une grande facilit\u00e9 et une adaptation optimale \u00e0 la morphologie de b\u00e9b\u00e9. Id\u00e9ales de jour comme de nuit, elles offrent une commodit\u00e9 maximale.<\/p>\n<p>Lorsque la couche doit \u00eatre chang\u00e9e, retirez les scratchs \u00e0 l&#8217;avant, repliez la couche, puis jetez-la dans une poubelle classique. Pour savoir quand changer de taille de couches, soyez attentif aux signes tels que des fuites, une sensation de serrage, ou des marques au niveau des cuisses. N&#8217;h\u00e9sitez pas \u00e0 passer \u00e0 la taille sup\u00e9rieure, mieux adapt\u00e9e aux besoins de votre b\u00e9b\u00e9. Vous pouvez \u00e9galement vous baser sur les poids indiqu\u00e9s sur nos paquets de couches.<\/p>\n<p>D\u00e9couvrez la qualit\u00e9, la s\u00e9curit\u00e9, et le confort avec les couches Sleepy Bio Natural, con\u00e7ues pour accompagner chaque \u00e9tape de la croissance de votre b\u00e9b\u00e9.<\/p>\n<p>&nbsp;<\/p>\n<div style=\"width: 1200px;\" class=\"wp-video\"><video class=\"wp-video-shortcode\" id=\"video-1687-1\" width=\"1200\" height=\"675\" poster=\"http:\/\/sleepyfrance.fr\/wp-content\/uploads\/2023\/12\/Capture-decran-2023-12-21-153324.jpg\" preload=\"metadata\" controls=\"controls\"><source type=\"video\/mp4\" src=\"http:\/\/sleepyfrance.fr\/wp-content\/uploads\/2023\/12\/Couche-Bio.mp4?_=1\" \/><a href=\"http:\/\/sleepyfrance.fr\/wp-content\/uploads\/2023\/12\/Couche-Bio.mp4\">http:\/\/sleepyfrance.fr\/wp-content\/uploads\/2023\/12\/Couche-Bio.mp4<\/a><\/video><\/div>\n","protected":false},"excerpt":{"rendered":"<div style=\"width: 1200px;\" class=\"wp-video\"><video class=\"wp-video-shortcode\" id=\"video-1687-2\" width=\"1200\" height=\"675\" preload=\"metadata\" controls=\"controls\"><source type=\"video\/mp4\" src=\"http:\/\/sleepyfrance.fr\/wp-content\/uploads\/2023\/12\/outputcompress-video-online.com_.mp4?_=2\" \/><a href=\"http:\/\/sleepyfrance.fr\/wp-content\/uploads\/2023\/12\/outputcompress-video-online.com_.mp4\">http:\/\/sleepyfrance.fr\/wp-content\/uploads\/2023\/12\/outputcompress-video-online.com_.mp4<\/a><\/video><\/div>\n<h1>Nos certifications &amp; labels<\/h1>\n<p>Nos couches et nos culottes sont certifi\u00e9es Ecolabel europ\u00e9en, Dermatests\u00ae, et la cellulose qui les compose est certifi\u00e9e FSC\u00ae et TCF : c&#8217;est-\u00e0-dire qu&#8217;elle est issue de for\u00eats g\u00e9r\u00e9es durablement et de sources contr\u00f4l\u00e9es et qu&#8217;elle est blanchie sans chlore ni d\u00e9riv\u00e9s de chlore. Notre gamme Pure Nature poss\u00e8de une cellulose non blanchie.<\/p>\n<div class=\"icons\">\n<p><img decoding=\"async\" src=\"https:\/\/www.sleepyfrance.fr\/wp-content\/uploads\/2023\/12\/gots-100x100.jpg\" alt=\"Icon 1\" \/> <img decoding=\"async\" src=\"https:\/\/www.sleepyfrance.fr\/wp-content\/uploads\/2023\/12\/Oeko-Tex-100x100.jpg\" alt=\"Icon 2\" \/> <img decoding=\"async\" src=\"https:\/\/www.sleepyfrance.fr\/wp-content\/uploads\/2023\/12\/vegan-100x100.jpg\" alt=\"Icon 3\" \/><\/p>\n<\/div>\n","protected":false},"featured_media":1688,"comment_status":"open","ping_status":"closed","template":"","meta":[],"product_cat":[67],"product_tag":[],"class_list":{"0":"post-1687","1":"product","2":"type-product","3":"status-publish","4":"has-post-thumbnail","5":"hentry","6":"product_cat-couche","8":"entry","9":"has-media","10":"owp-thumbs-layout-horizontal","11":"owp-btn-normal","12":"owp-tabs-layout-horizontal","13":"has-product-nav"},"yoast_head":"<!-- This site is optimized with the Yoast SEO plugin v21.6 - https:\/\/yoast.com\/wordpress\/plugins\/seo\/ -->\n<title>Sleepy Bio Natural Package Economique Taille 5 Junior 80 Pi\u00e8ces - Sleepyfrance.fr<\/title>\n<meta name=\"robots\" content=\"index, follow, max-snippet:-1, max-image-preview:large, max-video-preview:-1\" \/>\n<link rel=\"canonical\" href=\"https:\/\/www.sleepyfrance.fr\/index.php\/produit\/sleepy-bio-natural-package-economique-taille-5-junior-80-pieces\/\" \/>\n<meta property=\"og:locale\" content=\"en_US\" \/>\n<meta property=\"og:type\" content=\"article\" \/>\n<meta property=\"og:title\" content=\"Sleepy Bio Natural Package Economique Taille 5 Junior 80 Pi\u00e8ces - Sleepyfrance.fr\" \/>\n<meta property=\"og:description\" content=\"Nos certifications &amp; labels Nos couches et nos culottes sont certifi\u00e9es Ecolabel europ\u00e9en, Dermatests\u00ae, et la cellulose qui les compose est certifi\u00e9e FSC\u00ae et TCF : c&#039;est-\u00e0-dire qu&#039;elle est issue de for\u00eats g\u00e9r\u00e9es durablement et de sources contr\u00f4l\u00e9es et qu&#039;elle est blanchie sans chlore ni d\u00e9riv\u00e9s de chlore. Notre gamme Pure Nature poss\u00e8de une cellulose non blanchie.\" \/>\n<meta property=\"og:url\" content=\"https:\/\/www.sleepyfrance.fr\/index.php\/produit\/sleepy-bio-natural-package-economique-taille-5-junior-80-pieces\/\" \/>\n<meta property=\"og:site_name\" content=\"Sleepyfrance.fr\" \/>\n<meta property=\"article:modified_time\" content=\"2023-12-21T21:24:50+00:00\" \/>\n<meta property=\"og:image\" content=\"https:\/\/www.sleepyfrance.fr\/wp-content\/uploads\/2023\/12\/ECO-5.jpg\" \/>\n\t<meta property=\"og:image:width\" content=\"572\" \/>\n\t<meta property=\"og:image:height\" content=\"764\" \/>\n\t<meta property=\"og:image:type\" content=\"image\/jpeg\" \/>\n<meta name=\"twitter:card\" content=\"summary_large_image\" \/>\n<meta name=\"twitter:label1\" content=\"Est. reading time\" \/>\n\t<meta name=\"twitter:data1\" content=\"3 minutes\" \/>\n<script type=\"application\/ld+json\" class=\"yoast-schema-graph\">{\"@context\":\"https:\/\/schema.org\",\"@graph\":[{\"@type\":\"WebPage\",\"@id\":\"https:\/\/www.sleepyfrance.fr\/index.php\/produit\/sleepy-bio-natural-package-economique-taille-5-junior-80-pieces\/\",\"url\":\"https:\/\/www.sleepyfrance.fr\/index.php\/produit\/sleepy-bio-natural-package-economique-taille-5-junior-80-pieces\/\",\"name\":\"Sleepy Bio Natural Package Economique Taille 5 Junior 80 Pi\u00e8ces - Sleepyfrance.fr\",\"isPartOf\":{\"@id\":\"https:\/\/www.sleepyfrance.fr\/#website\"},\"datePublished\":\"2023-12-20T20:47:27+00:00\",\"dateModified\":\"2023-12-21T21:24:50+00:00\",\"breadcrumb\":{\"@id\":\"https:\/\/www.sleepyfrance.fr\/index.php\/produit\/sleepy-bio-natural-package-economique-taille-5-junior-80-pieces\/#breadcrumb\"},\"inLanguage\":\"en-US\",\"potentialAction\":[{\"@type\":\"ReadAction\",\"target\":[\"https:\/\/www.sleepyfrance.fr\/index.php\/produit\/sleepy-bio-natural-package-economique-taille-5-junior-80-pieces\/\"]}]},{\"@type\":\"BreadcrumbList\",\"@id\":\"https:\/\/www.sleepyfrance.fr\/index.php\/produit\/sleepy-bio-natural-package-economique-taille-5-junior-80-pieces\/#breadcrumb\",\"itemListElement\":[{\"@type\":\"ListItem\",\"position\":1,\"name\":\"Accueil\",\"item\":\"https:\/\/www.sleepyfrance.fr\/\"},{\"@type\":\"ListItem\",\"position\":2,\"name\":\"Shop\",\"item\":\"https:\/\/www.sleepyfrance.fr\/index.php\/shop\/\"},{\"@type\":\"ListItem\",\"position\":3,\"name\":\"Sleepy Bio Natural Package Economique Taille 5 Junior 80 Pi\u00e8ces\"}]},{\"@type\":\"WebSite\",\"@id\":\"https:\/\/www.sleepyfrance.fr\/#website\",\"url\":\"https:\/\/www.sleepyfrance.fr\/\",\"name\":\"Sleepyfrance.fr\",\"description\":\"Marketsleepy\",\"publisher\":{\"@id\":\"https:\/\/www.sleepyfrance.fr\/#organization\"},\"potentialAction\":[{\"@type\":\"SearchAction\",\"target\":{\"@type\":\"EntryPoint\",\"urlTemplate\":\"https:\/\/www.sleepyfrance.fr\/?s={search_term_string}\"},\"query-input\":\"required name=search_term_string\"}],\"inLanguage\":\"en-US\"},{\"@type\":\"Organization\",\"@id\":\"https:\/\/www.sleepyfrance.fr\/#organization\",\"name\":\"Sleepyfrance.fr\",\"url\":\"https:\/\/www.sleepyfrance.fr\/\",\"logo\":{\"@type\":\"ImageObject\",\"inLanguage\":\"en-US\",\"@id\":\"https:\/\/www.sleepyfrance.fr\/#\/schema\/logo\/image\/\",\"url\":\"https:\/\/www.sleepyfrance.fr\/wp-content\/uploads\/2023\/12\/1-LOGO-SLEEPY-SANS-FOND.png\",\"contentUrl\":\"https:\/\/www.sleepyfrance.fr\/wp-content\/uploads\/2023\/12\/1-LOGO-SLEEPY-SANS-FOND.png\",\"width\":503,\"height\":496,\"caption\":\"Sleepyfrance.fr\"},\"image\":{\"@id\":\"https:\/\/www.sleepyfrance.fr\/#\/schema\/logo\/image\/\"}}]}<\/script>\n<!-- \/ Yoast SEO plugin. -->","yoast_head_json":{"title":"Sleepy Bio Natural Package Economique Taille 5 Junior 80 Pi\u00e8ces - Sleepyfrance.fr","robots":{"index":"index","follow":"follow","max-snippet":"max-snippet:-1","max-image-preview":"max-image-preview:large","max-video-preview":"max-video-preview:-1"},"canonical":"https:\/\/www.sleepyfrance.fr\/index.php\/produit\/sleepy-bio-natural-package-economique-taille-5-junior-80-pieces\/","og_locale":"en_US","og_type":"article","og_title":"Sleepy Bio Natural Package Economique Taille 5 Junior 80 Pi\u00e8ces - Sleepyfrance.fr","og_description":"Nos certifications &amp; labels Nos couches et nos culottes sont certifi\u00e9es Ecolabel europ\u00e9en, Dermatests\u00ae, et la cellulose qui les compose est certifi\u00e9e FSC\u00ae et TCF : c'est-\u00e0-dire qu'elle est issue de for\u00eats g\u00e9r\u00e9es durablement et de sources contr\u00f4l\u00e9es et qu'elle est blanchie sans chlore ni d\u00e9riv\u00e9s de chlore. Notre gamme Pure Nature poss\u00e8de une cellulose non blanchie.","og_url":"https:\/\/www.sleepyfrance.fr\/index.php\/produit\/sleepy-bio-natural-package-economique-taille-5-junior-80-pieces\/","og_site_name":"Sleepyfrance.fr","article_modified_time":"2023-12-21T21:24:50+00:00","og_image":[{"width":572,"height":764,"url":"https:\/\/www.sleepyfrance.fr\/wp-content\/uploads\/2023\/12\/ECO-5.jpg","type":"image\/jpeg"}],"twitter_card":"summary_large_image","twitter_misc":{"Est. reading time":"3 minutes"},"schema":{"@context":"https:\/\/schema.org","@graph":[{"@type":"WebPage","@id":"https:\/\/www.sleepyfrance.fr\/index.php\/produit\/sleepy-bio-natural-package-economique-taille-5-junior-80-pieces\/","url":"https:\/\/www.sleepyfrance.fr\/index.php\/produit\/sleepy-bio-natural-package-economique-taille-5-junior-80-pieces\/","name":"Sleepy Bio Natural Package Economique Taille 5 Junior 80 Pi\u00e8ces - Sleepyfrance.fr","isPartOf":{"@id":"https:\/\/www.sleepyfrance.fr\/#website"},"datePublished":"2023-12-20T20:47:27+00:00","dateModified":"2023-12-21T21:24:50+00:00","breadcrumb":{"@id":"https:\/\/www.sleepyfrance.fr\/index.php\/produit\/sleepy-bio-natural-package-economique-taille-5-junior-80-pieces\/#breadcrumb"},"inLanguage":"en-US","potentialAction":[{"@type":"ReadAction","target":["https:\/\/www.sleepyfrance.fr\/index.php\/produit\/sleepy-bio-natural-package-economique-taille-5-junior-80-pieces\/"]}]},{"@type":"BreadcrumbList","@id":"https:\/\/www.sleepyfrance.fr\/index.php\/produit\/sleepy-bio-natural-package-economique-taille-5-junior-80-pieces\/#breadcrumb","itemListElement":[{"@type":"ListItem","position":1,"name":"Accueil","item":"https:\/\/www.sleepyfrance.fr\/"},{"@type":"ListItem","position":2,"name":"Shop","item":"https:\/\/www.sleepyfrance.fr\/index.php\/shop\/"},{"@type":"ListItem","position":3,"name":"Sleepy Bio Natural Package Economique Taille 5 Junior 80 Pi\u00e8ces"}]},{"@type":"WebSite","@id":"https:\/\/www.sleepyfrance.fr\/#website","url":"https:\/\/www.sleepyfrance.fr\/","name":"Sleepyfrance.fr","description":"Marketsleepy","publisher":{"@id":"https:\/\/www.sleepyfrance.fr\/#organization"},"potentialAction":[{"@type":"SearchAction","target":{"@type":"EntryPoint","urlTemplate":"https:\/\/www.sleepyfrance.fr\/?s={search_term_string}"},"query-input":"required name=search_term_string"}],"inLanguage":"en-US"},{"@type":"Organization","@id":"https:\/\/www.sleepyfrance.fr\/#organization","name":"Sleepyfrance.fr","url":"https:\/\/www.sleepyfrance.fr\/","logo":{"@type":"ImageObject","inLanguage":"en-US","@id":"https:\/\/www.sleepyfrance.fr\/#\/schema\/logo\/image\/","url":"https:\/\/www.sleepyfrance.fr\/wp-content\/uploads\/2023\/12\/1-LOGO-SLEEPY-SANS-FOND.png","contentUrl":"https:\/\/www.sleepyfrance.fr\/wp-content\/uploads\/2023\/12\/1-LOGO-SLEEPY-SANS-FOND.png","width":503,"height":496,"caption":"Sleepyfrance.fr"},"image":{"@id":"https:\/\/www.sleepyfrance.fr\/#\/schema\/logo\/image\/"}}]}},"jetpack_sharing_enabled":true,"_links":{"self":[{"href":"https:\/\/www.sleepyfrance.fr\/index.php\/wp-json\/wp\/v2\/product\/1687","targetHints":{"allow":["GET"]}}],"collection":[{"href":"https:\/\/www.sleepyfrance.fr\/index.php\/wp-json\/wp\/v2\/product"}],"about":[{"href":"https:\/\/www.sleepyfrance.fr\/index.php\/wp-json\/wp\/v2\/types\/product"}],"replies":[{"embeddable":true,"href":"https:\/\/www.sleepyfrance.fr\/index.php\/wp-json\/wp\/v2\/comments?post=1687"}],"wp:featuredmedia":[{"embeddable":true,"href":"https:\/\/www.sleepyfrance.fr\/index.php\/wp-json\/wp\/v2\/media\/1688"}],"wp:attachment":[{"href":"https:\/\/www.sleepyfrance.fr\/index.php\/wp-json\/wp\/v2\/media?parent=1687"}],"wp:term":[{"taxonomy":"product_cat","embeddable":true,"href":"https:\/\/www.sleepyfrance.fr\/index.php\/wp-json\/wp\/v2\/product_cat?post=1687"},{"taxonomy":"product_tag","embeddable":true,"href":"https:\/\/www.sleepyfrance.fr\/index.php\/wp-json\/wp\/v2\/product_tag?post=1687"}],"curies":[{"name":"wp","href":"https:\/\/api.w.org\/{rel}","templated":true}]}}