{"id":1622,"date":"2023-12-18T23:24:46","date_gmt":"2023-12-18T22:24:46","guid":{"rendered":"https:\/\/sleepyfrance.fr\/?post_type=product&#038;p=1622"},"modified":"2023-12-21T22:46:15","modified_gmt":"2023-12-21T21:46:15","slug":"sleepy-bio-natural-ultra-package-couche-bebe-taille-1-nouveau-nee-256-pieces","status":"publish","type":"product","link":"https:\/\/www.sleepyfrance.fr\/index.php\/produit\/sleepy-bio-natural-ultra-package-couche-bebe-taille-1-nouveau-nee-256-pieces\/","title":{"rendered":"Sleepy Bio Natural Ultra Package Couche B\u00e9b\u00e9 Taille 1 Nouveau-n\u00e9(e) 256 Pi\u00e8ces"},"content":{"rendered":"<p>Nous nous engageons \u00e0 fournir \u00e0 votre b\u00e9b\u00e9 des couches parfaitement adapt\u00e9es \u00e0 toutes les \u00e9tapes de sa croissance, mettant constamment le confort en t\u00eate de nos priorit\u00e9s, d\u00e8s la naissance. Nos couches visent \u00e0 pr\u00e9server la sant\u00e9 de la peau de votre b\u00e9b\u00e9 en utilisant un textile enti\u00e8rement respirant qui assure une surface ext\u00e9rieure douce.<\/p>\n<p>Un Bonheur In\u00e9gal\u00e9 pour B\u00e9b\u00e9 : Nos couches sont tiss\u00e9es avec de l&#8217;eau pure, offrant un confort ultime et une douceur extr\u00eame pour garder vos tout-petits heureux.<\/p>\n<p>Caract\u00e9ristiques de l&#8217;Indicateur d&#8217;Humidit\u00e9 : Changeant de couleur en fonction de la quantit\u00e9 d&#8217;utilisation de la couche, cet indicateur vous permet de comprendre la pl\u00e9nitude de la couche sans avoir \u00e0 l&#8217;ouvrir, simplifiant ainsi la gestion du changement de couches.<\/p>\n<p>S\u00e9curit\u00e9 Naturelle : Les fibres douces obtenues par la technologie de tissage \u00e0 l&#8217;eau pure, associ\u00e9es aux fibres de coton biologique, augmentent la s\u00e9cheresse de la peau sensible de votre b\u00e9b\u00e9. Nos couches sont sans paraben, sans parfum, sans lotion et sans colorant.<\/p>\n<p>Un Confort Optimal pour B\u00e9b\u00e9 : La ceinture flexible et les revers de jambe sans latex aident \u00e0 maintenir les couches en place tout en permettant une grande libert\u00e9 de mouvement. Combin\u00e9s \u00e0 notre drap arri\u00e8re enti\u00e8rement respirant, ils garantissent que la peau sensible de votre b\u00e9b\u00e9 reste s\u00e8che et confortable en toutes circonstances.<\/p>\n<div style=\"width: 1200px;\" class=\"wp-video\"><video class=\"wp-video-shortcode\" id=\"video-1622-1\" width=\"1200\" height=\"675\" preload=\"metadata\" controls=\"controls\"><source type=\"video\/mp4\" src=\"http:\/\/sleepyfrance.fr\/wp-content\/uploads\/2023\/12\/Couche-Bio.mp4?_=1\" \/><a href=\"http:\/\/sleepyfrance.fr\/wp-content\/uploads\/2023\/12\/Couche-Bio.mp4\">http:\/\/sleepyfrance.fr\/wp-content\/uploads\/2023\/12\/Couche-Bio.mp4<\/a><\/video><\/div>\n","protected":false},"excerpt":{"rendered":"<div style=\"width: 1200px;\" class=\"wp-video\"><video class=\"wp-video-shortcode\" id=\"video-1622-2\" width=\"1200\" height=\"675\" preload=\"metadata\" controls=\"controls\"><source type=\"video\/mp4\" src=\"http:\/\/sleepyfrance.fr\/wp-content\/uploads\/2023\/12\/outputcompress-video-online.com_.mp4?_=2\" \/><a href=\"http:\/\/sleepyfrance.fr\/wp-content\/uploads\/2023\/12\/outputcompress-video-online.com_.mp4\">http:\/\/sleepyfrance.fr\/wp-content\/uploads\/2023\/12\/outputcompress-video-online.com_.mp4<\/a><\/video><\/div>\n<h1>Nos certifications &amp; labels<\/h1>\n<p>Nos couches et nos culottes sont certifi\u00e9es Ecolabel europ\u00e9en, Dermatests\u00ae, et la cellulose qui les compose est certifi\u00e9e FSC\u00ae et TCF : c&#8217;est-\u00e0-dire qu&#8217;elle est issue de for\u00eats g\u00e9r\u00e9es durablement et de sources contr\u00f4l\u00e9es et qu&#8217;elle est blanchie sans chlore ni d\u00e9riv\u00e9s de chlore. Notre gamme Pure Nature poss\u00e8de une cellulose non blanchie.<\/p>\n<div class=\"icons\">\n<p><img decoding=\"async\" src=\"https:\/\/www.sleepyfrance.fr\/wp-content\/uploads\/2023\/12\/gots-100x100.jpg\" alt=\"Icon 1\" \/> <img decoding=\"async\" src=\"https:\/\/www.sleepyfrance.fr\/wp-content\/uploads\/2023\/12\/Oeko-Tex-100x100.jpg\" alt=\"Icon 2\" \/> <img decoding=\"async\" src=\"https:\/\/www.sleepyfrance.fr\/wp-content\/uploads\/2023\/12\/vegan-100x100.jpg\" alt=\"Icon 3\" \/><\/p>\n<\/div>\n","protected":false},"featured_media":1388,"comment_status":"open","ping_status":"closed","template":"","meta":[],"product_cat":[67],"product_tag":[],"class_list":{"0":"post-1622","1":"product","2":"type-product","3":"status-publish","4":"has-post-thumbnail","5":"hentry","6":"product_cat-couche","8":"entry","9":"has-media","10":"owp-thumbs-layout-horizontal","11":"owp-btn-normal","12":"owp-tabs-layout-horizontal","13":"has-product-nav"},"yoast_head":"<!-- This site is optimized with the Yoast SEO plugin v21.6 - https:\/\/yoast.com\/wordpress\/plugins\/seo\/ -->\n<title>Sleepy Bio Natural Ultra Package Couche B\u00e9b\u00e9 Taille 1 Nouveau-n\u00e9(e) 256 Pi\u00e8ces - Sleepyfrance.fr<\/title>\n<meta name=\"robots\" content=\"index, follow, max-snippet:-1, max-image-preview:large, max-video-preview:-1\" \/>\n<link rel=\"canonical\" href=\"https:\/\/www.sleepyfrance.fr\/index.php\/produit\/sleepy-bio-natural-ultra-package-couche-bebe-taille-1-nouveau-nee-256-pieces\/\" \/>\n<meta property=\"og:locale\" content=\"en_US\" \/>\n<meta property=\"og:type\" content=\"article\" \/>\n<meta property=\"og:title\" content=\"Sleepy Bio Natural Ultra Package Couche B\u00e9b\u00e9 Taille 1 Nouveau-n\u00e9(e) 256 Pi\u00e8ces - Sleepyfrance.fr\" \/>\n<meta property=\"og:description\" content=\"Nos certifications &amp; labels Nos couches et nos culottes sont certifi\u00e9es Ecolabel europ\u00e9en, Dermatests\u00ae, et la cellulose qui les compose est certifi\u00e9e FSC\u00ae et TCF : c&#039;est-\u00e0-dire qu&#039;elle est issue de for\u00eats g\u00e9r\u00e9es durablement et de sources contr\u00f4l\u00e9es et qu&#039;elle est blanchie sans chlore ni d\u00e9riv\u00e9s de chlore. Notre gamme Pure Nature poss\u00e8de une cellulose non blanchie.\" \/>\n<meta property=\"og:url\" content=\"https:\/\/www.sleepyfrance.fr\/index.php\/produit\/sleepy-bio-natural-ultra-package-couche-bebe-taille-1-nouveau-nee-256-pieces\/\" \/>\n<meta property=\"og:site_name\" content=\"Sleepyfrance.fr\" \/>\n<meta property=\"article:modified_time\" content=\"2023-12-21T21:46:15+00:00\" \/>\n<meta property=\"og:image\" content=\"https:\/\/www.sleepyfrance.fr\/wp-content\/uploads\/2023\/12\/ULTRA-PACK-1.jpg\" \/>\n\t<meta property=\"og:image:width\" content=\"572\" \/>\n\t<meta property=\"og:image:height\" content=\"764\" \/>\n\t<meta property=\"og:image:type\" content=\"image\/jpeg\" \/>\n<meta name=\"twitter:card\" content=\"summary_large_image\" \/>\n<meta name=\"twitter:label1\" content=\"Est. reading time\" \/>\n\t<meta name=\"twitter:data1\" content=\"2 minutes\" \/>\n<script type=\"application\/ld+json\" class=\"yoast-schema-graph\">{\"@context\":\"https:\/\/schema.org\",\"@graph\":[{\"@type\":\"WebPage\",\"@id\":\"https:\/\/www.sleepyfrance.fr\/index.php\/produit\/sleepy-bio-natural-ultra-package-couche-bebe-taille-1-nouveau-nee-256-pieces\/\",\"url\":\"https:\/\/www.sleepyfrance.fr\/index.php\/produit\/sleepy-bio-natural-ultra-package-couche-bebe-taille-1-nouveau-nee-256-pieces\/\",\"name\":\"Sleepy Bio Natural Ultra Package Couche B\u00e9b\u00e9 Taille 1 Nouveau-n\u00e9(e) 256 Pi\u00e8ces - Sleepyfrance.fr\",\"isPartOf\":{\"@id\":\"https:\/\/www.sleepyfrance.fr\/#website\"},\"datePublished\":\"2023-12-18T22:24:46+00:00\",\"dateModified\":\"2023-12-21T21:46:15+00:00\",\"breadcrumb\":{\"@id\":\"https:\/\/www.sleepyfrance.fr\/index.php\/produit\/sleepy-bio-natural-ultra-package-couche-bebe-taille-1-nouveau-nee-256-pieces\/#breadcrumb\"},\"inLanguage\":\"en-US\",\"potentialAction\":[{\"@type\":\"ReadAction\",\"target\":[\"https:\/\/www.sleepyfrance.fr\/index.php\/produit\/sleepy-bio-natural-ultra-package-couche-bebe-taille-1-nouveau-nee-256-pieces\/\"]}]},{\"@type\":\"BreadcrumbList\",\"@id\":\"https:\/\/www.sleepyfrance.fr\/index.php\/produit\/sleepy-bio-natural-ultra-package-couche-bebe-taille-1-nouveau-nee-256-pieces\/#breadcrumb\",\"itemListElement\":[{\"@type\":\"ListItem\",\"position\":1,\"name\":\"Accueil\",\"item\":\"https:\/\/www.sleepyfrance.fr\/\"},{\"@type\":\"ListItem\",\"position\":2,\"name\":\"Shop\",\"item\":\"https:\/\/www.sleepyfrance.fr\/index.php\/shop\/\"},{\"@type\":\"ListItem\",\"position\":3,\"name\":\"Sleepy Bio Natural Ultra Package Couche B\u00e9b\u00e9 Taille 1 Nouveau-n\u00e9(e) 256 Pi\u00e8ces\"}]},{\"@type\":\"WebSite\",\"@id\":\"https:\/\/www.sleepyfrance.fr\/#website\",\"url\":\"https:\/\/www.sleepyfrance.fr\/\",\"name\":\"Sleepyfrance.fr\",\"description\":\"Marketsleepy\",\"publisher\":{\"@id\":\"https:\/\/www.sleepyfrance.fr\/#organization\"},\"potentialAction\":[{\"@type\":\"SearchAction\",\"target\":{\"@type\":\"EntryPoint\",\"urlTemplate\":\"https:\/\/www.sleepyfrance.fr\/?s={search_term_string}\"},\"query-input\":\"required name=search_term_string\"}],\"inLanguage\":\"en-US\"},{\"@type\":\"Organization\",\"@id\":\"https:\/\/www.sleepyfrance.fr\/#organization\",\"name\":\"Sleepyfrance.fr\",\"url\":\"https:\/\/www.sleepyfrance.fr\/\",\"logo\":{\"@type\":\"ImageObject\",\"inLanguage\":\"en-US\",\"@id\":\"https:\/\/www.sleepyfrance.fr\/#\/schema\/logo\/image\/\",\"url\":\"https:\/\/www.sleepyfrance.fr\/wp-content\/uploads\/2023\/12\/1-LOGO-SLEEPY-SANS-FOND.png\",\"contentUrl\":\"https:\/\/www.sleepyfrance.fr\/wp-content\/uploads\/2023\/12\/1-LOGO-SLEEPY-SANS-FOND.png\",\"width\":503,\"height\":496,\"caption\":\"Sleepyfrance.fr\"},\"image\":{\"@id\":\"https:\/\/www.sleepyfrance.fr\/#\/schema\/logo\/image\/\"}}]}<\/script>\n<!-- \/ Yoast SEO plugin. -->","yoast_head_json":{"title":"Sleepy Bio Natural Ultra Package Couche B\u00e9b\u00e9 Taille 1 Nouveau-n\u00e9(e) 256 Pi\u00e8ces - Sleepyfrance.fr","robots":{"index":"index","follow":"follow","max-snippet":"max-snippet:-1","max-image-preview":"max-image-preview:large","max-video-preview":"max-video-preview:-1"},"canonical":"https:\/\/www.sleepyfrance.fr\/index.php\/produit\/sleepy-bio-natural-ultra-package-couche-bebe-taille-1-nouveau-nee-256-pieces\/","og_locale":"en_US","og_type":"article","og_title":"Sleepy Bio Natural Ultra Package Couche B\u00e9b\u00e9 Taille 1 Nouveau-n\u00e9(e) 256 Pi\u00e8ces - Sleepyfrance.fr","og_description":"Nos certifications &amp; labels Nos couches et nos culottes sont certifi\u00e9es Ecolabel europ\u00e9en, Dermatests\u00ae, et la cellulose qui les compose est certifi\u00e9e FSC\u00ae et TCF : c'est-\u00e0-dire qu'elle est issue de for\u00eats g\u00e9r\u00e9es durablement et de sources contr\u00f4l\u00e9es et qu'elle est blanchie sans chlore ni d\u00e9riv\u00e9s de chlore. Notre gamme Pure Nature poss\u00e8de une cellulose non blanchie.","og_url":"https:\/\/www.sleepyfrance.fr\/index.php\/produit\/sleepy-bio-natural-ultra-package-couche-bebe-taille-1-nouveau-nee-256-pieces\/","og_site_name":"Sleepyfrance.fr","article_modified_time":"2023-12-21T21:46:15+00:00","og_image":[{"width":572,"height":764,"url":"https:\/\/www.sleepyfrance.fr\/wp-content\/uploads\/2023\/12\/ULTRA-PACK-1.jpg","type":"image\/jpeg"}],"twitter_card":"summary_large_image","twitter_misc":{"Est. reading time":"2 minutes"},"schema":{"@context":"https:\/\/schema.org","@graph":[{"@type":"WebPage","@id":"https:\/\/www.sleepyfrance.fr\/index.php\/produit\/sleepy-bio-natural-ultra-package-couche-bebe-taille-1-nouveau-nee-256-pieces\/","url":"https:\/\/www.sleepyfrance.fr\/index.php\/produit\/sleepy-bio-natural-ultra-package-couche-bebe-taille-1-nouveau-nee-256-pieces\/","name":"Sleepy Bio Natural Ultra Package Couche B\u00e9b\u00e9 Taille 1 Nouveau-n\u00e9(e) 256 Pi\u00e8ces - Sleepyfrance.fr","isPartOf":{"@id":"https:\/\/www.sleepyfrance.fr\/#website"},"datePublished":"2023-12-18T22:24:46+00:00","dateModified":"2023-12-21T21:46:15+00:00","breadcrumb":{"@id":"https:\/\/www.sleepyfrance.fr\/index.php\/produit\/sleepy-bio-natural-ultra-package-couche-bebe-taille-1-nouveau-nee-256-pieces\/#breadcrumb"},"inLanguage":"en-US","potentialAction":[{"@type":"ReadAction","target":["https:\/\/www.sleepyfrance.fr\/index.php\/produit\/sleepy-bio-natural-ultra-package-couche-bebe-taille-1-nouveau-nee-256-pieces\/"]}]},{"@type":"BreadcrumbList","@id":"https:\/\/www.sleepyfrance.fr\/index.php\/produit\/sleepy-bio-natural-ultra-package-couche-bebe-taille-1-nouveau-nee-256-pieces\/#breadcrumb","itemListElement":[{"@type":"ListItem","position":1,"name":"Accueil","item":"https:\/\/www.sleepyfrance.fr\/"},{"@type":"ListItem","position":2,"name":"Shop","item":"https:\/\/www.sleepyfrance.fr\/index.php\/shop\/"},{"@type":"ListItem","position":3,"name":"Sleepy Bio Natural Ultra Package Couche B\u00e9b\u00e9 Taille 1 Nouveau-n\u00e9(e) 256 Pi\u00e8ces"}]},{"@type":"WebSite","@id":"https:\/\/www.sleepyfrance.fr\/#website","url":"https:\/\/www.sleepyfrance.fr\/","name":"Sleepyfrance.fr","description":"Marketsleepy","publisher":{"@id":"https:\/\/www.sleepyfrance.fr\/#organization"},"potentialAction":[{"@type":"SearchAction","target":{"@type":"EntryPoint","urlTemplate":"https:\/\/www.sleepyfrance.fr\/?s={search_term_string}"},"query-input":"required name=search_term_string"}],"inLanguage":"en-US"},{"@type":"Organization","@id":"https:\/\/www.sleepyfrance.fr\/#organization","name":"Sleepyfrance.fr","url":"https:\/\/www.sleepyfrance.fr\/","logo":{"@type":"ImageObject","inLanguage":"en-US","@id":"https:\/\/www.sleepyfrance.fr\/#\/schema\/logo\/image\/","url":"https:\/\/www.sleepyfrance.fr\/wp-content\/uploads\/2023\/12\/1-LOGO-SLEEPY-SANS-FOND.png","contentUrl":"https:\/\/www.sleepyfrance.fr\/wp-content\/uploads\/2023\/12\/1-LOGO-SLEEPY-SANS-FOND.png","width":503,"height":496,"caption":"Sleepyfrance.fr"},"image":{"@id":"https:\/\/www.sleepyfrance.fr\/#\/schema\/logo\/image\/"}}]}},"jetpack_sharing_enabled":true,"_links":{"self":[{"href":"https:\/\/www.sleepyfrance.fr\/index.php\/wp-json\/wp\/v2\/product\/1622","targetHints":{"allow":["GET"]}}],"collection":[{"href":"https:\/\/www.sleepyfrance.fr\/index.php\/wp-json\/wp\/v2\/product"}],"about":[{"href":"https:\/\/www.sleepyfrance.fr\/index.php\/wp-json\/wp\/v2\/types\/product"}],"replies":[{"embeddable":true,"href":"https:\/\/www.sleepyfrance.fr\/index.php\/wp-json\/wp\/v2\/comments?post=1622"}],"wp:featuredmedia":[{"embeddable":true,"href":"https:\/\/www.sleepyfrance.fr\/index.php\/wp-json\/wp\/v2\/media\/1388"}],"wp:attachment":[{"href":"https:\/\/www.sleepyfrance.fr\/index.php\/wp-json\/wp\/v2\/media?parent=1622"}],"wp:term":[{"taxonomy":"product_cat","embeddable":true,"href":"https:\/\/www.sleepyfrance.fr\/index.php\/wp-json\/wp\/v2\/product_cat?post=1622"},{"taxonomy":"product_tag","embeddable":true,"href":"https:\/\/www.sleepyfrance.fr\/index.php\/wp-json\/wp\/v2\/product_tag?post=1622"}],"curies":[{"name":"wp","href":"https:\/\/api.w.org\/{rel}","templated":true}]}}