{"id":1459,"date":"2023-12-16T22:24:53","date_gmt":"2023-12-16T21:24:53","guid":{"rendered":"https:\/\/sleepyfrance.fr\/?post_type=product&#038;p=1459"},"modified":"2023-12-19T15:26:27","modified_gmt":"2023-12-19T14:26:27","slug":"change-adulte-copie","status":"publish","type":"product","link":"https:\/\/www.sleepyfrance.fr\/index.php\/produit\/change-adulte-copie\/","title":{"rendered":"SLEEPY SENSITIVE Change Complet  Taille XL 12 unit\u00e9s"},"content":{"rendered":"<p>Le change complet<strong>\u00a0Attends 8 gouttes\u00a0<\/strong><em>taille M<\/em>\u00a0est une protection pour adulte ayant une<strong>\u00a0incontinence urinaires moyennes \u00e0 lourdes<\/strong>. Le change complet dispose d\u2019une\u00a0<strong>ceinture et de barri\u00e8res anti-fuites int\u00e9grales<\/strong>. Attends a une protection\u00a0<strong>respectueuse de la peau<\/strong>\u00a0avec un voile a\u00e9r\u00e9e et respirant.<\/p>\n<h2>Une protection qui pr\u00e9serve votre peau<\/h2>\n<p>Super absorbante,\u00a0<strong>Attends\u00a0<\/strong>pr\u00e9serve votre peau avec son\u00a0<strong>voile de garde au sec<\/strong>. Son\u00a0<strong>voile interne est doux et hypoallerg\u00e9nique<\/strong>\u00a0laisse une sensation de fraicheur agr\u00e9able.<\/p>\n<h2>Une protection en toute discr\u00e9tion<\/h2>\n<p>Positionnez facilement votre change complet en position debout ou allong\u00e9e. Appr\u00e9ciez le\u00a0<strong>voile externe doux et respirant<\/strong>\u00a0au toucher textile. Surveillez la saturation de la protection \u00e0 l\u2019aide de\u00a0<strong>l\u2019indicateur d\u2019humidit\u00e9<\/strong>.<\/p>\n<h2>Taille Attends 8 gouttes taille M<\/h2>\n<ul class=\"bullet\">\n<li>Capacit\u00e9 d&#8217;absorption : 1850 ml<\/li>\n<li>Tour de taille en cm\u00a0: 80 &#8211; 110<\/li>\n<\/ul>\n<h2>Composition du change complet Attends<\/h2>\n<ul class=\"bullet\">\n<li>Mat\u00e9riau face externe : lamin\u00e9 de non-tiss\u00e9 et film respirant<\/li>\n<li>Voile sup\u00e9rieur : non-tiss\u00e9<\/li>\n<li>Noyau d&#8217;absorption : syst\u00e8me double noyau avec cellulose<\/li>\n<\/ul>\n","protected":false},"excerpt":{"rendered":"<p>SLEEPY SENSITIVE XL ce sont des slips de protection pour l&#8217;hygi\u00e8ne intime.<\/p>\n<div>Cette gamme repr\u00e9sente une solution efficace anti-fuite.<\/div>\n<div>Les protections Plus Small ont une capacit\u00e9 d&#8217;absorption de 1650ml.<\/div>\n<div>Elles conviennent aux hommes et aux femmes ayant un tour de taille mesurant entre 56 et 85cm.<\/div>\n<div><\/div>\n<div>Ces protections :<\/div>\n<ul>\n<li>sont confortables<\/li>\n<li>s&#8217;adaptent \u00e0 toutes les morphologies<\/li>\n<li>ont un syst\u00e8me absorbant efficace<\/li>\n<li>neutralisent les mauvaises odeurs<\/li>\n<li>laissent respirer la peau<\/li>\n<li>sont discr\u00e8tes<\/li>\n<li>ne font pas de bruit<\/li>\n<li>sont dot\u00e9es d&#8217;un indicateur d&#8217;urine<\/li>\n<\/ul>\n<div>Les pharmaciens conseillent de les utiliser avec un slip de maintien pour une meilleure tenue et pour \u00e9viter les g\u00eanes.<\/div>\n","protected":false},"featured_media":1461,"comment_status":"open","ping_status":"closed","template":"","meta":[],"product_cat":[68],"product_tag":[],"class_list":{"0":"post-1459","1":"product","2":"type-product","3":"status-publish","4":"has-post-thumbnail","5":"hentry","6":"product_cat-change-adulte","8":"entry","9":"has-media","10":"owp-thumbs-layout-horizontal","11":"owp-btn-normal","12":"owp-tabs-layout-horizontal","13":"has-product-nav"},"yoast_head":"<!-- This site is optimized with the Yoast SEO plugin v21.6 - https:\/\/yoast.com\/wordpress\/plugins\/seo\/ -->\n<title>SLEEPY SENSITIVE Change Complet Taille XL 12 unit\u00e9s - Sleepyfrance.fr<\/title>\n<meta name=\"description\" content=\"Protections hygi\u00e9niques pour hommes et femmes.Taille XL : pour un tour de taille de 56 \u00e0 85 cm. Incontinence importante.\" \/>\n<meta name=\"robots\" content=\"index, follow, max-snippet:-1, max-image-preview:large, max-video-preview:-1\" \/>\n<link rel=\"canonical\" href=\"https:\/\/www.sleepyfrance.fr\/index.php\/produit\/change-adulte-copie\/\" \/>\n<meta property=\"og:locale\" content=\"en_US\" \/>\n<meta property=\"og:type\" content=\"article\" \/>\n<meta property=\"og:title\" content=\"SLEEPY SENSITIVE Change Complet Taille XL 12 unit\u00e9s - Sleepyfrance.fr\" \/>\n<meta property=\"og:description\" content=\"Protections hygi\u00e9niques pour hommes et femmes.Taille XL : pour un tour de taille de 56 \u00e0 85 cm. Incontinence importante.\" \/>\n<meta property=\"og:url\" content=\"https:\/\/www.sleepyfrance.fr\/index.php\/produit\/change-adulte-copie\/\" \/>\n<meta property=\"og:site_name\" content=\"Sleepyfrance.fr\" \/>\n<meta property=\"article:modified_time\" content=\"2023-12-19T14:26:27+00:00\" \/>\n<meta property=\"og:image\" content=\"https:\/\/www.sleepyfrance.fr\/wp-content\/uploads\/2023\/12\/0123617_sleepy-xlarge-yetiskin-bezi-12-adet.jpeg\" \/>\n\t<meta property=\"og:image:width\" content=\"1200\" \/>\n\t<meta property=\"og:image:height\" content=\"1200\" \/>\n\t<meta property=\"og:image:type\" content=\"image\/jpeg\" \/>\n<meta name=\"twitter:card\" content=\"summary_large_image\" \/>\n<meta name=\"twitter:label1\" content=\"Est. reading time\" \/>\n\t<meta name=\"twitter:data1\" content=\"1 minute\" \/>\n<script type=\"application\/ld+json\" class=\"yoast-schema-graph\">{\"@context\":\"https:\/\/schema.org\",\"@graph\":[{\"@type\":\"WebPage\",\"@id\":\"https:\/\/www.sleepyfrance.fr\/index.php\/produit\/change-adulte-copie\/\",\"url\":\"https:\/\/www.sleepyfrance.fr\/index.php\/produit\/change-adulte-copie\/\",\"name\":\"SLEEPY SENSITIVE Change Complet Taille XL 12 unit\u00e9s - Sleepyfrance.fr\",\"isPartOf\":{\"@id\":\"https:\/\/www.sleepyfrance.fr\/#website\"},\"datePublished\":\"2023-12-16T21:24:53+00:00\",\"dateModified\":\"2023-12-19T14:26:27+00:00\",\"description\":\"Protections hygi\u00e9niques pour hommes et femmes.Taille XL : pour un tour de taille de 56 \u00e0 85 cm. Incontinence importante.\",\"breadcrumb\":{\"@id\":\"https:\/\/www.sleepyfrance.fr\/index.php\/produit\/change-adulte-copie\/#breadcrumb\"},\"inLanguage\":\"en-US\",\"potentialAction\":[{\"@type\":\"ReadAction\",\"target\":[\"https:\/\/www.sleepyfrance.fr\/index.php\/produit\/change-adulte-copie\/\"]}]},{\"@type\":\"BreadcrumbList\",\"@id\":\"https:\/\/www.sleepyfrance.fr\/index.php\/produit\/change-adulte-copie\/#breadcrumb\",\"itemListElement\":[{\"@type\":\"ListItem\",\"position\":1,\"name\":\"Accueil\",\"item\":\"https:\/\/www.sleepyfrance.fr\/\"},{\"@type\":\"ListItem\",\"position\":2,\"name\":\"Shop\",\"item\":\"https:\/\/www.sleepyfrance.fr\/index.php\/shop\/\"},{\"@type\":\"ListItem\",\"position\":3,\"name\":\"SLEEPY SENSITIVE Change Complet Taille XL 12 unit\u00e9s\"}]},{\"@type\":\"WebSite\",\"@id\":\"https:\/\/www.sleepyfrance.fr\/#website\",\"url\":\"https:\/\/www.sleepyfrance.fr\/\",\"name\":\"Sleepyfrance.fr\",\"description\":\"Marketsleepy\",\"publisher\":{\"@id\":\"https:\/\/www.sleepyfrance.fr\/#organization\"},\"potentialAction\":[{\"@type\":\"SearchAction\",\"target\":{\"@type\":\"EntryPoint\",\"urlTemplate\":\"https:\/\/www.sleepyfrance.fr\/?s={search_term_string}\"},\"query-input\":\"required name=search_term_string\"}],\"inLanguage\":\"en-US\"},{\"@type\":\"Organization\",\"@id\":\"https:\/\/www.sleepyfrance.fr\/#organization\",\"name\":\"Sleepyfrance.fr\",\"url\":\"https:\/\/www.sleepyfrance.fr\/\",\"logo\":{\"@type\":\"ImageObject\",\"inLanguage\":\"en-US\",\"@id\":\"https:\/\/www.sleepyfrance.fr\/#\/schema\/logo\/image\/\",\"url\":\"https:\/\/www.sleepyfrance.fr\/wp-content\/uploads\/2023\/12\/1-LOGO-SLEEPY-SANS-FOND.png\",\"contentUrl\":\"https:\/\/www.sleepyfrance.fr\/wp-content\/uploads\/2023\/12\/1-LOGO-SLEEPY-SANS-FOND.png\",\"width\":503,\"height\":496,\"caption\":\"Sleepyfrance.fr\"},\"image\":{\"@id\":\"https:\/\/www.sleepyfrance.fr\/#\/schema\/logo\/image\/\"}}]}<\/script>\n<!-- \/ Yoast SEO plugin. -->","yoast_head_json":{"title":"SLEEPY SENSITIVE Change Complet Taille XL 12 unit\u00e9s - Sleepyfrance.fr","description":"Protections hygi\u00e9niques pour hommes et femmes.Taille XL : pour un tour de taille de 56 \u00e0 85 cm. Incontinence importante.","robots":{"index":"index","follow":"follow","max-snippet":"max-snippet:-1","max-image-preview":"max-image-preview:large","max-video-preview":"max-video-preview:-1"},"canonical":"https:\/\/www.sleepyfrance.fr\/index.php\/produit\/change-adulte-copie\/","og_locale":"en_US","og_type":"article","og_title":"SLEEPY SENSITIVE Change Complet Taille XL 12 unit\u00e9s - Sleepyfrance.fr","og_description":"Protections hygi\u00e9niques pour hommes et femmes.Taille XL : pour un tour de taille de 56 \u00e0 85 cm. Incontinence importante.","og_url":"https:\/\/www.sleepyfrance.fr\/index.php\/produit\/change-adulte-copie\/","og_site_name":"Sleepyfrance.fr","article_modified_time":"2023-12-19T14:26:27+00:00","og_image":[{"width":1200,"height":1200,"url":"https:\/\/www.sleepyfrance.fr\/wp-content\/uploads\/2023\/12\/0123617_sleepy-xlarge-yetiskin-bezi-12-adet.jpeg","type":"image\/jpeg"}],"twitter_card":"summary_large_image","twitter_misc":{"Est. reading time":"1 minute"},"schema":{"@context":"https:\/\/schema.org","@graph":[{"@type":"WebPage","@id":"https:\/\/www.sleepyfrance.fr\/index.php\/produit\/change-adulte-copie\/","url":"https:\/\/www.sleepyfrance.fr\/index.php\/produit\/change-adulte-copie\/","name":"SLEEPY SENSITIVE Change Complet Taille XL 12 unit\u00e9s - Sleepyfrance.fr","isPartOf":{"@id":"https:\/\/www.sleepyfrance.fr\/#website"},"datePublished":"2023-12-16T21:24:53+00:00","dateModified":"2023-12-19T14:26:27+00:00","description":"Protections hygi\u00e9niques pour hommes et femmes.Taille XL : pour un tour de taille de 56 \u00e0 85 cm. Incontinence importante.","breadcrumb":{"@id":"https:\/\/www.sleepyfrance.fr\/index.php\/produit\/change-adulte-copie\/#breadcrumb"},"inLanguage":"en-US","potentialAction":[{"@type":"ReadAction","target":["https:\/\/www.sleepyfrance.fr\/index.php\/produit\/change-adulte-copie\/"]}]},{"@type":"BreadcrumbList","@id":"https:\/\/www.sleepyfrance.fr\/index.php\/produit\/change-adulte-copie\/#breadcrumb","itemListElement":[{"@type":"ListItem","position":1,"name":"Accueil","item":"https:\/\/www.sleepyfrance.fr\/"},{"@type":"ListItem","position":2,"name":"Shop","item":"https:\/\/www.sleepyfrance.fr\/index.php\/shop\/"},{"@type":"ListItem","position":3,"name":"SLEEPY SENSITIVE Change Complet Taille XL 12 unit\u00e9s"}]},{"@type":"WebSite","@id":"https:\/\/www.sleepyfrance.fr\/#website","url":"https:\/\/www.sleepyfrance.fr\/","name":"Sleepyfrance.fr","description":"Marketsleepy","publisher":{"@id":"https:\/\/www.sleepyfrance.fr\/#organization"},"potentialAction":[{"@type":"SearchAction","target":{"@type":"EntryPoint","urlTemplate":"https:\/\/www.sleepyfrance.fr\/?s={search_term_string}"},"query-input":"required name=search_term_string"}],"inLanguage":"en-US"},{"@type":"Organization","@id":"https:\/\/www.sleepyfrance.fr\/#organization","name":"Sleepyfrance.fr","url":"https:\/\/www.sleepyfrance.fr\/","logo":{"@type":"ImageObject","inLanguage":"en-US","@id":"https:\/\/www.sleepyfrance.fr\/#\/schema\/logo\/image\/","url":"https:\/\/www.sleepyfrance.fr\/wp-content\/uploads\/2023\/12\/1-LOGO-SLEEPY-SANS-FOND.png","contentUrl":"https:\/\/www.sleepyfrance.fr\/wp-content\/uploads\/2023\/12\/1-LOGO-SLEEPY-SANS-FOND.png","width":503,"height":496,"caption":"Sleepyfrance.fr"},"image":{"@id":"https:\/\/www.sleepyfrance.fr\/#\/schema\/logo\/image\/"}}]}},"jetpack_sharing_enabled":true,"_links":{"self":[{"href":"https:\/\/www.sleepyfrance.fr\/index.php\/wp-json\/wp\/v2\/product\/1459","targetHints":{"allow":["GET"]}}],"collection":[{"href":"https:\/\/www.sleepyfrance.fr\/index.php\/wp-json\/wp\/v2\/product"}],"about":[{"href":"https:\/\/www.sleepyfrance.fr\/index.php\/wp-json\/wp\/v2\/types\/product"}],"replies":[{"embeddable":true,"href":"https:\/\/www.sleepyfrance.fr\/index.php\/wp-json\/wp\/v2\/comments?post=1459"}],"wp:featuredmedia":[{"embeddable":true,"href":"https:\/\/www.sleepyfrance.fr\/index.php\/wp-json\/wp\/v2\/media\/1461"}],"wp:attachment":[{"href":"https:\/\/www.sleepyfrance.fr\/index.php\/wp-json\/wp\/v2\/media?parent=1459"}],"wp:term":[{"taxonomy":"product_cat","embeddable":true,"href":"https:\/\/www.sleepyfrance.fr\/index.php\/wp-json\/wp\/v2\/product_cat?post=1459"},{"taxonomy":"product_tag","embeddable":true,"href":"https:\/\/www.sleepyfrance.fr\/index.php\/wp-json\/wp\/v2\/product_tag?post=1459"}],"curies":[{"name":"wp","href":"https:\/\/api.w.org\/{rel}","templated":true}]}}